{"id":3454,"date":"2018-03-26T09:40:51","date_gmt":"2018-03-26T09:40:51","guid":{"rendered":"https:\/\/www.multipurposethemes.com\/wordpressdemo\/maximum\/base\/dev\/?page_id=3454"},"modified":"2018-03-26T09:40:51","modified_gmt":"2018-03-26T09:40:51","slug":"typography","status":"publish","type":"page","link":"https:\/\/wptheme.wordpressthemeshub.com\/yoga-wellness\/typography\/","title":{"rendered":"Typography"},"content":{"rendered":"<p>[vc_row el_class=&#8221;shortcode_toggle&#8221;][vc_column][vc_empty_space height=&#8221;50px&#8221;][vc_custom_heading text=&#8221;Heading Style&#8221; font_container=&#8221;tag:div|text_align:center|color:%23000000&#8243; google_fonts=&#8221;font_family:Open%20Sans%3A300%2C300italic%2Cregular%2Citalic%2C600%2C600italic%2C700%2C700italic%2C800%2C800italic|font_style:600%20bold%20regular%3A600%3Anormal&#8221; el_class=&#8221;at-text-center&#8221;][vc_empty_space height=&#8221;50px&#8221;][vc_row_inner][vc_column_inner el_class=&#8221;wow fadeInUp&#8221; width=&#8221;1\/3&#8243;][vc_custom_heading text=&#8221;Heading h1&#8243; font_container=&#8221;tag:h1|text_align:left|color:%23000000&#8243; use_theme_fonts=&#8221;yes&#8221; el_class=&#8221;fw-bold&#8221;][vc_empty_space height=&#8221;20px&#8221;][vc_column_text el_class=&#8221;at-text-left color-898989&#8243; css=&#8221;.vc_custom_1633170788999{margin-bottom: 0px !important;}&#8221;]Facer Maior is simply being from of the printing and typesetting industry. Facer Maior has been the industry\u2019s standard being from ever since the 1500s, when an unknown printer.[\/vc_column_text][\/vc_column_inner][vc_column_inner el_class=&#8221;wow fadeInUp&#8221; width=&#8221;1\/3&#8243;][vc_custom_heading text=&#8221;Heading h2&#8243; font_container=&#8221;tag:h2|text_align:left|color:%23000000&#8243; use_theme_fonts=&#8221;yes&#8221; el_class=&#8221;fw-normal&#8221;][vc_empty_space height=&#8221;20px&#8221;][vc_column_text el_class=&#8221;at-text-left color-898989&#8243; css=&#8221;.vc_custom_1633170793620{margin-bottom: 0px !important;}&#8221;]Facer Maior is simply being from of the printing and typesetting industry. Facer Maior has been the industry\u2019s standard being from ever since the 1500s, when an unknown printer.[\/vc_column_text][\/vc_column_inner][vc_column_inner el_class=&#8221;wow fadeInUp&#8221; width=&#8221;1\/3&#8243;][vc_custom_heading text=&#8221;Heading h3&#8243; font_container=&#8221;tag:h3|text_align:left|color:%23000000&#8243; use_theme_fonts=&#8221;yes&#8221; el_class=&#8221;fw-600&#8243;][vc_empty_space height=&#8221;20px&#8221;][vc_column_text el_class=&#8221;at-text-left color-898989&#8243; css=&#8221;.vc_custom_1633170799099{margin-bottom: 0px !important;}&#8221;]Facer Maior is simply being from of the printing and typesetting industry. Facer Maior has been the industry\u2019s standard being from ever since the 1500s, when an unknown printer.[\/vc_column_text][\/vc_column_inner][\/vc_row_inner][vc_empty_space height=&#8221;30px&#8221;][vc_row_inner][vc_column_inner el_class=&#8221;wow fadeInUp&#8221; width=&#8221;1\/3&#8243;][vc_custom_heading text=&#8221;Heading h4&#8243; font_container=&#8221;tag:h4|text_align:left|color:%23000000&#8243; use_theme_fonts=&#8221;yes&#8221;][vc_empty_space height=&#8221;20px&#8221;][vc_column_text el_class=&#8221;at-text-left color-898989&#8243; css=&#8221;.vc_custom_1633170817078{margin-bottom: 0px !important;}&#8221;]Facer Maior is simply being from of the printing and typesetting industry. Facer Maior has been the industry\u2019s standard being from ever since the 1500s, when an unknown printer.[\/vc_column_text][\/vc_column_inner][vc_column_inner el_class=&#8221;wow fadeInUp&#8221; width=&#8221;1\/3&#8243;][vc_custom_heading text=&#8221;Heading h5&#8243; font_container=&#8221;tag:h5|text_align:left|color:%23000000&#8243; use_theme_fonts=&#8221;yes&#8221; el_class=&#8221;fw-600&#8243;][vc_empty_space height=&#8221;20px&#8221;][vc_column_text el_class=&#8221;at-text-left color-898989&#8243; css=&#8221;.vc_custom_1633171033183{margin-bottom: 0px !important;}&#8221;]Facer Maior is simply being from of the printing and typesetting industry. Facer Maior has been the industry\u2019s standard being from ever since the 1500s, when an unknown printer.[\/vc_column_text][\/vc_column_inner][vc_column_inner el_class=&#8221;wow fadeInUp&#8221; width=&#8221;1\/3&#8243;][vc_custom_heading text=&#8221;Heading h6&#8243; font_container=&#8221;tag:h6|text_align:left|color:%23000000&#8243; use_theme_fonts=&#8221;yes&#8221;][vc_empty_space height=&#8221;20px&#8221;][vc_column_text el_class=&#8221;at-text-left color-898989&#8243; css=&#8221;.vc_custom_1633171042659{margin-bottom: 0px !important;}&#8221;]Facer Maior is simply being from of the printing and typesetting industry. Facer Maior has been the industry\u2019s standard being from ever since the 1500s, when an unknown printer.[\/vc_column_text][\/vc_column_inner][\/vc_row_inner][vc_empty_space height=&#8221;50px&#8221;][\/vc_column][\/vc_row][vc_row full_width=&#8221;stretch_row_content_no_spaces&#8221;][vc_column][vc_separator][\/vc_column][\/vc_row][vc_row el_class=&#8221;shortcode_toggle&#8221;][vc_column][vc_empty_space height=&#8221;50px&#8221;][vc_custom_heading text=&#8221;TEXT FORMATING&#8221; font_container=&#8221;tag:div|text_align:center|color:%23000000&#8243; google_fonts=&#8221;font_family:Open%20Sans%3A300%2C300italic%2Cregular%2Citalic%2C600%2C600italic%2C700%2C700italic%2C800%2C800italic|font_style:600%20bold%20regular%3A600%3Anormal&#8221; el_class=&#8221;at-text-center&#8221;][vc_empty_space height=&#8221;50px&#8221;][vc_row_inner][vc_column_inner el_class=&#8221;wow fadeInUp&#8221; width=&#8221;1\/3&#8243;][vc_column_text el_class=&#8221;at-text-left fs-14 color-898989&#8243; css=&#8221;.vc_custom_1633171081089{margin-bottom: 0px !important;}&#8221;]Facer Maior is simply being from of the printing and typesetting industry. Facer Maior has been the industry\u2019s standard being from ever since the 1500s, when an unknown printer.[\/vc_column_text][\/vc_column_inner][vc_column_inner el_class=&#8221;wow fadeInUp&#8221; width=&#8221;1\/3&#8243;][vc_column_text el_class=&#8221;at-text-left at-text-uppercase fs-15 color-898989&#8243; css=&#8221;.vc_custom_1633171090307{margin-bottom: 0px !important;}&#8221;]Facer Maior is simply being from of the printing and typesetting industry. Facer Maior has been the industry\u2019s standard being from ever since the 1500s, when an unknown printer.[\/vc_column_text][\/vc_column_inner][vc_column_inner el_class=&#8221;wow fadeInUp&#8221; width=&#8221;1\/3&#8243;][vc_column_text el_class=&#8221;at-text-left fs-16 color-898989&#8243; css=&#8221;.vc_custom_1633171098859{margin-bottom: 0px !important;}&#8221;]Facer Maior is simply being from of the printing and typesetting industry. Facer Maior has been the industry\u2019s standard being from ever since the 1500s, when an unknown printer.[\/vc_column_text][\/vc_column_inner][\/vc_row_inner][vc_empty_space height=&#8221;50px&#8221;][\/vc_column][\/vc_row][vc_row full_width=&#8221;stretch_row_content_no_spaces&#8221;][vc_column][vc_separator][\/vc_column][\/vc_row][vc_row el_class=&#8221;shortcode_toggle&#8221;][vc_column][vc_empty_space height=&#8221;50px&#8221;][vc_custom_heading text=&#8221;DROP CAPS&#8221; font_container=&#8221;tag:div|text_align:center|color:%23000000&#8243; google_fonts=&#8221;font_family:Open%20Sans%3A300%2C300italic%2Cregular%2Citalic%2C600%2C600italic%2C700%2C700italic%2C800%2C800italic|font_style:600%20bold%20regular%3A600%3Anormal&#8221; el_class=&#8221;at-text-center&#8221;][vc_empty_space height=&#8221;50px&#8221;][vc_row_inner][vc_column_inner el_class=&#8221;wow fadeInUp&#8221; width=&#8221;1\/3&#8243;][vc_column_text el_class=&#8221;at-text-left fs-16 color-898989&#8243; css=&#8221;.vc_custom_1633171110033{margin-bottom: 0px !important;}&#8221;]<span class=\"first-lt black\">W<\/span>e un hecho establecido hace demasiado tiempo que un lector se distraer\u00e1 con el contenido del texto de un sitio mientras que mira su dise\u00f1o. El punto de usar Facer Maior.[\/vc_column_text][\/vc_column_inner][vc_column_inner el_class=&#8221;wow fadeInUp&#8221; width=&#8221;1\/3&#8243;][vc_column_text el_class=&#8221;at-text-left fs-16 color-898989&#8243; css=&#8221;.vc_custom_1633171118700{margin-bottom: 0px !important;}&#8221;]<span class=\"first-lt first-lt-block white\">W<\/span>e un hecho establecido hace demasiado tiempo que un lector se distraer\u00e1 con el contenido del texto de un sitio mientras que mira su dise\u00f1o. El punto de usar Facer Maior.[\/vc_column_text][\/vc_column_inner][vc_column_inner el_class=&#8221;wow fadeInUp&#8221; width=&#8221;1\/3&#8243;][vc_column_text el_class=&#8221;at-text-left fs-16 color-898989&#8243; css=&#8221;.vc_custom_1633171126972{margin-bottom: 0px !important;}&#8221;]<span class=\"first-lt first-lt-border black\">W<\/span>e un hecho establecido hace demasiado tiempo que un lector se distraer\u00e1 con el contenido del texto de un sitio mientras que mira su dise\u00f1o. El punto de usar Facer Maior.[\/vc_column_text][\/vc_column_inner][\/vc_row_inner][vc_empty_space height=&#8221;30px&#8221;][vc_row_inner][vc_column_inner el_class=&#8221;wow fadeInUp&#8221; width=&#8221;1\/3&#8243;][vc_column_text el_class=&#8221;at-text-left fs-16 color-898989&#8243; css=&#8221;.vc_custom_1633171135469{margin-bottom: 0px !important;}&#8221;]<span class=\"first-lt first-lt-bg-gray white\">W<\/span>e un hecho establecido hace demasiado tiempo que un lector se distraer\u00e1 con el contenido del texto de un sitio mientras que mira su dise\u00f1o. El punto de usar Facer Maior.[\/vc_column_text][\/vc_column_inner][vc_column_inner el_class=&#8221;wow fadeInUp&#8221; width=&#8221;1\/3&#8243;][vc_column_text el_class=&#8221;at-text-left fs-16 color-898989&#8243; css=&#8221;.vc_custom_1633171142774{margin-bottom: 0px !important;}&#8221;]<span class=\"first-lt first-lt-highlight yellow\">W<\/span>e un hecho establecido hace demasiado tiempo que un lector se distraer\u00e1 con el contenido del texto de un sitio mientras que mira su dise\u00f1o. El punto de usar Facer Maior.[\/vc_column_text][\/vc_column_inner][vc_column_inner el_class=&#8221;wow fadeInUp&#8221; width=&#8221;1\/3&#8243;][vc_column_text el_class=&#8221;at-text-left fs-16 color-898989&#8243; css=&#8221;.vc_custom_1633171150722{margin-bottom: 0px !important;}&#8221;]<span class=\"first-lt first-lt-bg-yellow white\">W<\/span>e un hecho establecido hace demasiado tiempo que un lector se distraer\u00e1 con el contenido del texto de un sitio mientras que mira su dise\u00f1o. El punto de usar Facer Maior.[\/vc_column_text][\/vc_column_inner][\/vc_row_inner][vc_empty_space height=&#8221;50px&#8221;][\/vc_column][\/vc_row][vc_row full_width=&#8221;stretch_row_content_no_spaces&#8221;][vc_column][vc_separator][\/vc_column][\/vc_row][vc_row el_class=&#8221;shortcode_toggle&#8221;][vc_column][vc_empty_space height=&#8221;50px&#8221;][vc_custom_heading text=&#8221;BLOCKQUOTE&#8221; font_container=&#8221;tag:div|text_align:center|color:%23000000&#8243; google_fonts=&#8221;font_family:Open%20Sans%3A300%2C300italic%2Cregular%2Citalic%2C600%2C600italic%2C700%2C700italic%2C800%2C800italic|font_style:600%20bold%20regular%3A600%3Anormal&#8221; el_class=&#8221;at-text-center&#8221;][vc_empty_space height=&#8221;50px&#8221;][vc_row_inner][vc_column_inner el_class=&#8221;wow fadeInUp&#8221; width=&#8221;1\/2&#8243; css=&#8221;.vc_custom_1633172239420{margin-bottom: 0px !important;}&#8221;][vc_column_text el_class=&#8221;at-text-left fs-20 blockquote-border color-898989&#8243;]<\/p>\n<blockquote><p>Es un hecho establecido hace demasiado tiempo que un lector se distraer\u00e1 con el contenido del texto de un sitio mientras que mira su dise\u00f1o. El punto de usar Facer Maior.<br \/>\n<span class=\"quote-title\">&#8211; Facer Maior<\/span><\/p><\/blockquote>\n<p>[\/vc_column_text][\/vc_column_inner][vc_column_inner el_class=&#8221;wow fadeInUp&#8221; width=&#8221;1\/2&#8243; css=&#8221;.vc_custom_1633172233365{margin-bottom: 0px !important;}&#8221;][vc_column_text el_class=&#8221;at-text-left fs-20 blockquote-bg color-898989&#8243;]<\/p>\n<blockquote><p>Es un hecho establecido hace demasiado tiempo que un lector se distraer\u00e1 con el contenido del texto de un sitio mientras que mira su dise\u00f1o. El punto de usar Facer Maior es que tiene una distribuci\u00f3n m\u00e1s o menos normal de las letras.<br \/>\n<span class=\"quote-title\">&#8211; Facer Maior<\/span><\/p><\/blockquote>\n<p>[\/vc_column_text][\/vc_column_inner][\/vc_row_inner][vc_empty_space height=&#8221;50px&#8221;][\/vc_column][\/vc_row][vc_row full_width=&#8221;stretch_row_content_no_spaces&#8221;][vc_column][vc_separator][\/vc_column][\/vc_row][vc_row el_class=&#8221;shortcode_toggle&#8221;][vc_column][vc_empty_space height=&#8221;50px&#8221;][vc_custom_heading text=&#8221;HIGHLIGHTS&#8221; font_container=&#8221;tag:div|text_align:center|color:%23000000&#8243; google_fonts=&#8221;font_family:Open%20Sans%3A300%2C300italic%2Cregular%2Citalic%2C600%2C600italic%2C700%2C700italic%2C800%2C800italic|font_style:600%20bold%20regular%3A600%3Anormal&#8221; el_class=&#8221;at-text-center&#8221;][vc_empty_space height=&#8221;50px&#8221;][vc_row_inner][vc_column_inner el_class=&#8221;wow fadeInUp&#8221; width=&#8221;1\/4&#8243;][vc_column_text el_class=&#8221;fs-14 at-text-left color-898989&#8243; css=&#8221;.vc_custom_1633171194697{margin-bottom: 0px !important;}&#8221;]Facer Maior is simply being from of the printing and typesetting industry. <mark class=\"at-label-warning\">Facer Maior<\/mark> has been the industry\u2019s standard being from ever since the 1500s, when an unknown printer.[\/vc_column_text][\/vc_column_inner][vc_column_inner el_class=&#8221;wow fadeInUp&#8221; width=&#8221;1\/4&#8243;][vc_column_text el_class=&#8221;fs-14 at-text-left color-898989&#8243; css=&#8221;.vc_custom_1633171202216{margin-bottom: 0px !important;}&#8221;]Facer Maior is simply being from of the printing and typesetting industry. Facer Maior has been the <mark class=\"at-label-success white\">industry\u2019s<\/mark> standard being from ever since the 1500s, when an unknown printer.[\/vc_column_text][\/vc_column_inner][vc_column_inner el_class=&#8221;wow fadeInUp&#8221; width=&#8221;1\/4&#8243;][vc_column_text el_class=&#8221;fs-14 at-text-left color-898989&#8243; css=&#8221;.vc_custom_1633171210455{padding-top: 0px !important;}&#8221;]Facer Maior is simply being from of the printing and typesetting industry. Facer Maior has been the industry\u2019s <mark class=\"at-label-info\">standard<\/mark> being from ever since the 1500s, when an unknown printer.[\/vc_column_text][\/vc_column_inner][vc_column_inner el_class=&#8221;wow fadeInUp&#8221; width=&#8221;1\/4&#8243;][vc_column_text el_class=&#8221;fs-14 at-text-left color-898989&#8243; css=&#8221;.vc_custom_1633171218471{padding-top: 0px !important;}&#8221;]Facer Maior is simply being from of the printing and <mark class=\"at-label-warning white\">typesetting<\/mark> industry. Facer Maior has been the industry\u2019s standard being from ever since the 1500s, when an unknown printer.[\/vc_column_text][\/vc_column_inner][\/vc_row_inner][vc_empty_space height=&#8221;50px&#8221;][\/vc_column][\/vc_row][vc_row full_width=&#8221;stretch_row_content_no_spaces&#8221;][vc_column][vc_separator][\/vc_column][\/vc_row][vc_row el_class=&#8221;shortcode_toggle&#8221;][vc_column][vc_empty_space height=&#8221;50px&#8221;][vc_custom_heading text=&#8221;LIST&#8221; font_container=&#8221;tag:div|text_align:center|color:%23000000&#8243; google_fonts=&#8221;font_family:Open%20Sans%3A300%2C300italic%2Cregular%2Citalic%2C600%2C600italic%2C700%2C700italic%2C800%2C800italic|font_style:600%20bold%20regular%3A600%3Anormal&#8221; el_class=&#8221;at-text-center&#8221;][vc_empty_space height=&#8221;50px&#8221;][vc_row_inner el_class=&#8221;typography-list&#8221;][vc_column_inner el_class=&#8221;wow fadeInUp&#8221; width=&#8221;1\/4&#8243;][vc_column_text el_class=&#8221;fs-14 at-text-left color-898989&#8243;]<\/p>\n<ul>\n<li>Facer Maior<\/li>\n<li>Dolor sit amet, consectetur<\/li>\n<li>Adipiscing elit.<\/li>\n<li>Aliquam<\/li>\n<\/ul>\n<p>[\/vc_column_text][\/vc_column_inner][vc_column_inner el_class=&#8221;wow fadeInUp&#8221; width=&#8221;1\/4&#8243;][vc_column_text el_class=&#8221;fs-14 at-text-left color-898989&#8243;]<\/p>\n<ul>\n<li>Facer maior<\/li>\n<li><strong>Dolor sit amet<\/strong>\n<ul>\n<li>Morbi id facer<\/li>\n<li>Ultrices faucibus<\/li>\n<\/ul>\n<\/li>\n<li>Adipiscing elit.<\/li>\n<li>Aliquam<\/li>\n<\/ul>\n<p>[\/vc_column_text][\/vc_column_inner][vc_column_inner el_class=&#8221;wow fadeInUp&#8221; width=&#8221;1\/4&#8243;][vc_column_text el_class=&#8221;fs-14 at-text-left color-898989&#8243; css=&#8221;.vc_custom_1633171250501{margin-bottom: 0px !important;}&#8221;]<\/p>\n<ol>\n<li>Facer maior<\/li>\n<li><strong>Dolor sit amet<\/strong>\n<ol>\n<li>Morbi id facer<\/li>\n<li>Ultrices faucibus<\/li>\n<\/ol>\n<\/li>\n<li>Adipiscing elit.<\/li>\n<li>Aliquam<\/li>\n<\/ol>\n<p>[\/vc_column_text][\/vc_column_inner][vc_column_inner el_class=&#8221;wow fadeInUp&#8221; width=&#8221;1\/4&#8243;][vc_column_text el_class=&#8221;fs-14 at-text-left color-898989&#8243; css=&#8221;.vc_custom_1633171258004{margin-bottom: 0px !important;}&#8221;]<\/p>\n<ul class=\"checklist\">\n<li>Facer maior<\/li>\n<li>Dolor sit amet, consectetur<\/li>\n<li>Adipiscing elit.<\/li>\n<li>Aliquam<\/li>\n<\/ul>\n<p>[\/vc_column_text][\/vc_column_inner][\/vc_row_inner][vc_empty_space height=&#8221;50px&#8221;][\/vc_column][\/vc_row][vc_row full_width=&#8221;stretch_row_content_no_spaces&#8221;][vc_column][vc_separator][\/vc_column][\/vc_row][vc_row el_class=&#8221;shortcode_toggle&#8221;][vc_column width=&#8221;1\/6&#8243;][\/vc_column][vc_column width=&#8221;2\/3&#8243;][vc_empty_space height=&#8221;50px&#8221;][vc_custom_heading text=&#8221;HEADING&#8221; font_container=&#8221;tag:div|text_align:center|color:%23000000&#8243; google_fonts=&#8221;font_family:Open%20Sans%3A300%2C300italic%2Cregular%2Citalic%2C600%2C600italic%2C700%2C700italic%2C800%2C800italic|font_style:600%20bold%20regular%3A600%3Anormal&#8221; el_class=&#8221;at-text-center&#8221;][vc_empty_space height=&#8221;50px&#8221;][vc_row_inner el_class=&#8221;wow fadeInUp&#8221;][vc_column_inner][vc_raw_html el_class=&#8221;heading-with-sep&#8221;]JTNDZGl2JTIwY2xhc3MlM0QlMjJsZWZ0LXNlcCUyMiUzRSUzQyUyRmRpdiUzRSUzQ3NwYW4lMjBjbGFzcyUzRCUyMmhkLWJsb2NrJTIyJTNFJTNDaSUyMGNsYXNzJTNEJTIyZmElMjBmYS1wYXBlci1wbGFuZSUyMiUzRSUzQyUyRmklM0UlM0NoMSUyMGNsYXNzJTNEJTIyZnctYm9sZCUyMGF0LXRleHQtdXBwZXJjYXNlJTIyJTNFVGhpcyUyMGlzJTIwSGVhZGluZyUzQyUyRmgxJTNFJTNDc3BhbiUyMGNsYXNzJTNEJTIyaGVhZGluZy1zdWJ0aXRsZSUyMiUzRVN1YnRpdGxlJTIwSGVyZSUzQyUyRnNwYW4lM0UlM0MlMkZzcGFuJTNFJTNDZGl2JTIwY2xhc3MlM0QlMjJyaWdodC1zZXAlMjIlM0UlM0MlMkZkaXYlM0U=[\/vc_raw_html][\/vc_column_inner][\/vc_row_inner][vc_column_text el_class=&#8221;fs-17 at-text-center width-70 wow fadeInUp color-898989&#8243; css=&#8221;.vc_custom_1633171584880{margin-top: 30px !important;margin-bottom: 0px !important;}&#8221;]Facer Maior is simply being from of the printing and typesetting industry. Facer Maior has been the industry\u2019s standard being from ever since the 1500s, when an unknown printer took a galley of type and scrambled it to make a type specimen book.[\/vc_column_text][vc_empty_space height=&#8221;35px&#8221;][vc_empty_space height=&#8221;20px&#8221;][vc_text_separator color=&#8221;custom&#8221; style=&#8221;double&#8221; accent_color=&#8221;rgba(0,0,0,0.15)&#8221; el_class=&#8221;at-text-uppercase black h2 fw-bold wow fadeInUp&#8221;][vc_empty_space height=&#8221;20px&#8221;][vc_column_text el_class=&#8221;fs-17 at-text-center width-70 wow fadeInUp color-898989&#8243; css=&#8221;.vc_custom_1633171602440{margin-top: 30px !important;margin-bottom: 0px !important;}&#8221;]Facer Maior is simply being from of the printing and typesetting industry. Facer Maior has been the industry\u2019s standard being from ever since the 1500s, when an unknown printer took a galley of type and scrambled it to make a type specimen book.[\/vc_column_text][vc_empty_space height=&#8221;35px&#8221;][vc_empty_space height=&#8221;20px&#8221;][vc_text_separator title=&#8221;This is Heading&#8221; color=&#8221;custom&#8221; style=&#8221;double&#8221; accent_color=&#8221;rgba(0,0,0,0.15)&#8221; el_class=&#8221;at-text-uppercase black border-heading h3 fw-bold wow fadeInUp&#8221;][vc_empty_space height=&#8221;20px&#8221;][vc_column_text el_class=&#8221;fs-17 at-text-center width-70 wow fadeInUp color-898989&#8243; css=&#8221;.vc_custom_1633171612782{margin-bottom: 0px !important;}&#8221;]Facer Maior is simply being from of the printing and typesetting industry. Facer Maior has been the industry\u2019s standard being from ever since the 1500s, when an unknown printer took a galley of type and scrambled it to make a type specimen book.[\/vc_column_text][vc_empty_space height=&#8221;35px&#8221;][vc_empty_space height=&#8221;20px&#8221;][vc_text_separator title=&#8221;This is Heading&#8221; color=&#8221;custom&#8221; style=&#8221;double&#8221; accent_color=&#8221;rgba(0,0,0,0.15)&#8221; el_class=&#8221;at-text-uppercase black h3 fw-bold&#8221;][vc_empty_space height=&#8221;20px&#8221;][vc_column_text el_class=&#8221;fs-17 at-text-center width-70 color-898989&#8243; css=&#8221;.vc_custom_1633171623739{margin-bottom: 0px !important;}&#8221;]Facer Maior is simply being from of the printing and typesetting industry. Facer Maior has been the industry\u2019s standard being from ever since the 1500s, when an unknown printer took a galley of type and scrambled it to make a type specimen book.[\/vc_column_text][vc_empty_space height=&#8221;35px&#8221;][vc_empty_space height=&#8221;20px&#8221;][vc_custom_heading text=&#8221;THIS IS HEADING&#8221; font_container=&#8221;tag:h3|text_align:center|color:%23000000&#8243; use_theme_fonts=&#8221;yes&#8221; el_class=&#8221;fw-bold wow fadeInUp&#8221;][vc_empty_space height=&#8221;20px&#8221;][vc_separator color=&#8221;custom&#8221; border_width=&#8221;2&#8243; el_width=&#8221;10&#8243; accent_color=&#8221;#e6af2a&#8221; el_class=&#8221;wow fadeInUp&#8221;][vc_column_text el_class=&#8221;fs-17 at-text-center width-70 wow fadeInUp color-898989&#8243; css=&#8221;.vc_custom_1633171636002{margin-bottom: 0px !important;}&#8221;]Facer Maior is simply being from of the printing and typesetting industry. Facer Maior has been the industry\u2019s standard being from ever since the 1500s, when an unknown printer took a galley of type and scrambled it to make a type specimen book.[\/vc_column_text][vc_empty_space height=&#8221;50px&#8221;][\/vc_column][vc_column width=&#8221;1\/6&#8243;][\/vc_column][\/vc_row]<\/p>\n","protected":false},"excerpt":{"rendered":"","protected":false},"author":1,"featured_media":0,"parent":0,"menu_order":0,"comment_status":"closed","ping_status":"closed","template":"","meta":{"footnotes":""},"class_list":["post-3454","page","type-page","status-publish","hentry"],"_links":{"self":[{"href":"https:\/\/wptheme.wordpressthemeshub.com\/yoga-wellness\/wp-json\/wp\/v2\/pages\/3454","targetHints":{"allow":["GET"]}}],"collection":[{"href":"https:\/\/wptheme.wordpressthemeshub.com\/yoga-wellness\/wp-json\/wp\/v2\/pages"}],"about":[{"href":"https:\/\/wptheme.wordpressthemeshub.com\/yoga-wellness\/wp-json\/wp\/v2\/types\/page"}],"author":[{"embeddable":true,"href":"https:\/\/wptheme.wordpressthemeshub.com\/yoga-wellness\/wp-json\/wp\/v2\/users\/1"}],"replies":[{"embeddable":true,"href":"https:\/\/wptheme.wordpressthemeshub.com\/yoga-wellness\/wp-json\/wp\/v2\/comments?post=3454"}],"version-history":[{"count":0,"href":"https:\/\/wptheme.wordpressthemeshub.com\/yoga-wellness\/wp-json\/wp\/v2\/pages\/3454\/revisions"}],"wp:attachment":[{"href":"https:\/\/wptheme.wordpressthemeshub.com\/yoga-wellness\/wp-json\/wp\/v2\/media?parent=3454"}],"curies":[{"name":"wp","href":"https:\/\/api.w.org\/{rel}","templated":true}]}}