{"id":5952,"date":"2018-07-10T13:07:12","date_gmt":"2018-07-10T13:07:12","guid":{"rendered":"https:\/\/wpthemempt.wpengine.com\/?page_id=5952"},"modified":"2018-07-10T13:07:12","modified_gmt":"2018-07-10T13:07:12","slug":"about-us-4-2","status":"publish","type":"page","link":"https:\/\/wptheme.wordpressthemeshub.com\/photography\/about-us-4-2\/","title":{"rendered":"About Us Option 4"},"content":{"rendered":"<p>[vc_row][vc_column][vc_empty_space height=&#8221;50px&#8221;][\/vc_column][\/vc_row][vc_row][vc_column width=&#8221;1\/2&#8243;][vc_single_image image=&#8221;116909&#8243; img_size=&#8221;full&#8221; alignment=&#8221;center&#8221;][\/vc_column][vc_column width=&#8221;1\/2&#8243; el_class=&#8221;about-us-option4&#8243;][vc_custom_heading text=&#8221;What Is WordPressthemeshub?&#8221; font_container=&#8221;tag:h1|text_align:left|color:%23333333&#8243; use_theme_fonts=&#8221;yes&#8221; el_class=&#8221;fw-normal abt2-title&#8221; css=&#8221;.vc_custom_1638942848225{margin-top: 0px !important;}&#8221;][vc_column_text el_class=&#8221;black-89 fs-14&#8243; css=&#8221;.vc_custom_1531227551221{margin-bottom: 20px !important;}&#8221;]On the other hand, we denounce with righteous indignation and dislike men who are so beguiled and demoralized by the charms of pleasure of the moment, so blinded by desire, that they cannot foresee the pain and trouble that are bound to ensue; and equal blame belongs to those who fail in their duty through weakness of will.<\/p>\n<p>Ut enim ad minim veniam, quis nostrud exercitation ullamco laboris nisi ut aliquip ex ea commodo consequat. Duis aute irure dolor in reprehenderit in voluptate velit esse cillum dolore eu fugiat nulla pariatur.[\/vc_column_text][vc_progress_bar values=&#8221;%5B%7B%22value%22%3A%2260%22%2C%22color%22%3A%22custom%22%2C%22customcolor%22%3A%22%235cb85c%22%2C%22customtxtcolor%22%3A%22%23ffffff%22%7D%5D&#8221; bgcolor=&#8221;grey&#8221; title=&#8221;SUCCESS&#8221;][vc_progress_bar values=&#8221;%5B%7B%22value%22%3A%2270%22%2C%22color%22%3A%22custom%22%2C%22customcolor%22%3A%22%23f0ad4e%22%2C%22customtxtcolor%22%3A%22%23ffffff%22%7D%5D&#8221; bgcolor=&#8221;grey&#8221; title=&#8221;WARNING&#8221;][vc_progress_bar values=&#8221;%5B%7B%22value%22%3A%2290%22%2C%22color%22%3A%22custom%22%2C%22customcolor%22%3A%22%23d9534f%22%2C%22customtxtcolor%22%3A%22%23ffffff%22%7D%5D&#8221; bgcolor=&#8221;grey&#8221; title=&#8221;DANGER&#8221;][\/vc_column][\/vc_row][vc_row full_width=&#8221;stretch_row&#8221; css=&#8221;.vc_custom_1529644639520{background-color: #f7f7f7 !important;}&#8221;][vc_column][vc_empty_space height=&#8221;20px&#8221;][vc_custom_heading text=&#8221;Our Expertise&#8221; font_container=&#8221;tag:h1|text_align:center|color:%23000000&#8243; use_theme_fonts=&#8221;yes&#8221; el_class=&#8221;at-text-center at-text-uppercase abt2-title&#8221;][vc_empty_space height=&#8221;70px&#8221;][vc_row_inner el_class=&#8221;abt-3-expertise&#8221;][vc_column_inner el_class=&#8221;at-text-center&#8221; width=&#8221;1\/3&#8243;][vc_icon icon_fontawesome=&#8221;fa fa-pencil-square-o&#8221; color=&#8221;white&#8221; size=&#8221;lg&#8221; align=&#8221;center&#8221; css_animation=&#8221;fadeIn&#8221;][vc_custom_heading text=&#8221;Designing&#8221; font_container=&#8221;tag:h4|text_align:center|color:%23f44a4a&#8221; use_theme_fonts=&#8221;yes&#8221; el_class=&#8221;at-text-center at-text-uppercase fw-bold&#8221;][vc_empty_space height=&#8221;10px&#8221;][vc_column_text el_class=&#8221;at-text-center color-c9c9c9&#8243;]El punto de usar las letras es que tiene una distribuci\u00f3n m\u00e1s o menos normal de las letras, al contrario de usar textos como por ejemplo &#8220;Contenido aqu\u00ed, contenido aqu\u00ed&#8221;.[\/vc_column_text][\/vc_column_inner][vc_column_inner el_class=&#8221;at-text-center&#8221; width=&#8221;1\/3&#8243;][vc_icon icon_fontawesome=&#8221;fa fa-keyboard-o&#8221; color=&#8221;white&#8221; size=&#8221;lg&#8221; align=&#8221;center&#8221; css_animation=&#8221;fadeIn&#8221;][vc_custom_heading text=&#8221;Programming&#8221; font_container=&#8221;tag:h4|text_align:center|color:%23f44a4a&#8221; use_theme_fonts=&#8221;yes&#8221; el_class=&#8221;at-text-center at-text-uppercase fw-bold&#8221;][vc_empty_space height=&#8221;10px&#8221;][vc_column_text el_class=&#8221;at-text-center color-c9c9c9&#8243;]Es un hecho establecido hace demasiado tiempo que un lector se distraer\u00e1 con el contenido del texto de un sitio mientras que mira su dise\u00f1o sitio mientras sitio mientras.[\/vc_column_text][\/vc_column_inner][vc_column_inner el_class=&#8221;at-text-center&#8221; width=&#8221;1\/3&#8243;][vc_icon icon_fontawesome=&#8221;fa fa-check-square-o&#8221; color=&#8221;white&#8221; size=&#8221;lg&#8221; align=&#8221;center&#8221; css_animation=&#8221;fadeIn&#8221;][vc_custom_heading text=&#8221;Testing&#8221; font_container=&#8221;tag:h4|text_align:center|color:%23f44a4a&#8221; use_theme_fonts=&#8221;yes&#8221; el_class=&#8221;at-text-center at-text-uppercase fw-bold&#8221;][vc_empty_space height=&#8221;10px&#8221;][vc_column_text el_class=&#8221;at-text-center color-c9c9c9&#8243;]Estos textos hacen parecerlo un espa\u00f1ol que se puede leer. Muchos paquetes de autoedici\u00f3n y editores de p\u00e1ginas web usan el las letras como su texto por defecto.[\/vc_column_text][\/vc_column_inner][\/vc_row_inner][vc_empty_space height=&#8221;100px&#8221;][\/vc_column][\/vc_row][vc_row css_animation=&#8221;fadeInUp&#8221; el_class=&#8221;abt-opt2-team&#8221;][vc_column offset=&#8221;vc_hidden-md vc_hidden-sm vc_hidden-xs&#8221;][vc_empty_space height=&#8221;20px&#8221;][vc_custom_heading text=&#8221;Our Team&#8221; font_container=&#8221;tag:h1|text_align:center|color:%23000000&#8243; use_theme_fonts=&#8221;yes&#8221; el_class=&#8221;at-text-center at-text-uppercase abt2-title&#8221;][vc_empty_space height=&#8221;50px&#8221;][vc_basic_grid post_type=&#8221;team&#8221; max_items=&#8221;3&#8243; gap=&#8221;15&#8243; order=&#8221;ASC&#8221; item=&#8221;801&#8243; grid_id=&#8221;vc_gid:1643718225233-3cba8ebe-addc-7&#8243; el_class=&#8221;post_grid_team about4-opt2-sec3&#8243;][vc_empty_space height=&#8221;50px&#8221;][\/vc_column][\/vc_row]<\/p>\n","protected":false},"excerpt":{"rendered":"","protected":false},"author":1,"featured_media":0,"parent":0,"menu_order":0,"comment_status":"closed","ping_status":"closed","template":"","meta":{"footnotes":""},"class_list":["post-5952","page","type-page","status-publish","hentry"],"_links":{"self":[{"href":"https:\/\/wptheme.wordpressthemeshub.com\/photography\/wp-json\/wp\/v2\/pages\/5952","targetHints":{"allow":["GET"]}}],"collection":[{"href":"https:\/\/wptheme.wordpressthemeshub.com\/photography\/wp-json\/wp\/v2\/pages"}],"about":[{"href":"https:\/\/wptheme.wordpressthemeshub.com\/photography\/wp-json\/wp\/v2\/types\/page"}],"author":[{"embeddable":true,"href":"https:\/\/wptheme.wordpressthemeshub.com\/photography\/wp-json\/wp\/v2\/users\/1"}],"replies":[{"embeddable":true,"href":"https:\/\/wptheme.wordpressthemeshub.com\/photography\/wp-json\/wp\/v2\/comments?post=5952"}],"version-history":[{"count":0,"href":"https:\/\/wptheme.wordpressthemeshub.com\/photography\/wp-json\/wp\/v2\/pages\/5952\/revisions"}],"wp:attachment":[{"href":"https:\/\/wptheme.wordpressthemeshub.com\/photography\/wp-json\/wp\/v2\/media?parent=5952"}],"curies":[{"name":"wp","href":"https:\/\/api.w.org\/{rel}","templated":true}]}}