{"id":110884,"date":"2020-02-24T11:13:21","date_gmt":"2020-02-24T11:13:21","guid":{"rendered":"https:\/\/wpthemempt.wpengine.com\/?page_id=110884"},"modified":"2020-02-24T11:13:21","modified_gmt":"2020-02-24T11:13:21","slug":"about-us","status":"publish","type":"page","link":"https:\/\/wptheme.wordpressthemeshub.com\/furniture\/about-us\/","title":{"rendered":"About Us Option 1"},"content":{"rendered":"<p>[vc_row][vc_column][vc_empty_space height=&#8221;30px&#8221;][\/vc_column][\/vc_row][vc_row][vc_column width=&#8221;1\/4&#8243; el_class=&#8221;about-option1-col1&#8243;][vc_single_image image=&#8221;116904&#8243; img_size=&#8221;&#8221; alignment=&#8221;center&#8221;][vc_row_inner el_class=&#8221;abt-info-row&#8221;][vc_column_inner][vc_column_text el_class=&#8221;abt-info&#8221;]<\/p>\n<div class=\"abt-info-txt\"><i class=\"fa fa-envelope\"><\/i> <strong>Email<\/strong>: <a href=\"mailto:wp@demo.com\">wp@demo.com<\/a><\/div>\n<div class=\"abt-info-txt\"><i class=\"fa fa-phone\"><\/i> <strong>Phone<\/strong>: <a href=\"tel:+11234567890\">+1 123 456 7890<\/a><\/div>\n<div class=\"abt-info-txt\"><i class=\"fa fa-fax\"><\/i> <strong>Fax<\/strong>: 123 456 7890<\/div>\n<p>[\/vc_column_text][\/vc_column_inner][\/vc_row_inner][vc_row_inner][vc_column_inner el_class=&#8221;abt-block-left&#8221;][vc_column_text css=&#8221;.vc_custom_1638938825016{margin-bottom: 0px !important;}&#8221;]<\/p>\n<div class=\"at-text-uppercase fs-18 theme-color\">Achievements<\/div>\n<ul>\n<li>Maecenas efficitur sapien vel justo tempus aliquet.<\/li>\n<li>Duis vitae risus vitae neque vehicula convallis.<\/li>\n<li>Fusce eget erat a purus malesuada accumsan at sed urna.<\/li>\n<li>Aliquam malesuada sem non pharetra rutrum.<\/li>\n<\/ul>\n<p>[\/vc_column_text][\/vc_column_inner][\/vc_row_inner][vc_empty_space height=&#8221;30px&#8221;][\/vc_column][vc_column width=&#8221;1\/2&#8243; el_class=&#8221;about-option1-col2&#8243;][vc_column_text el_class=&#8221;fs-16&#8243;]Es un hecho establecido hace demasiado tiempo que un lector se distraer\u00e1 con el contenido del texto de un sitio mientras que mira su dise\u00f1o. El punto de usar texto sitio es que tiene una distribuci\u00f3n m\u00e1s o menos normal de las letras, al contrario de usar textos como por ejemplo &#8220;Contenido aqu\u00ed, contenido aqu\u00ed&#8221;. Estos textos hacen parecerlo un espa\u00f1ol que se puede leer. Muchos paquetes de autoedici\u00f3n y editores de p\u00e1ginas web usan el texto sitio como su texto por defecto, y al hacer una b\u00fasqueda de &#8220;texto sitio&#8221; va a dar por resultado muchos sitios web que usan este texto si se encuentran en estado de desarrollo. Muchas versiones han evolucionado a trav\u00e9s de los a\u00f1os, algunas veces por accidente, otras veces a prop\u00f3sito (por ejemplo insert\u00e1ndole humor y cosas por el estilo).<\/p>\n<p>Hay muchas variaciones de los pasajes de texto sitio disponibles, pero la mayor\u00eda sufri\u00f3 alteraciones en alguna manera, ya sea porque se le agreg\u00f3 humor, o palabras aleatorias que no parecen ni un poco cre\u00edbles. Si vas a utilizar un pasaje de texto sitio, necesit\u00e1s estar seguro de que no hay nada avergonzante escondido en el medio del texto.<\/p>\n<p>Todos los generadores de texto sitio que se encuentran en Internet tienden a repetir trozos predefinidos cuando sea necesario, haciendo a este el \u00fanico generador verdadero (v\u00e1lido) en la Internet. Usa un diccionario de mas de 200 palabras provenientes del lat\u00edn, combinadas con estructuras muy \u00fatiles de sentencias, para generar texto de texto sitio que parezca razonable. Este texto sitio generado siempre estar\u00e1 libre de repeticiones, humor agregado o palabras no caracter\u00edsticas del lenguaje, etc.[\/vc_column_text][vc_empty_space height=&#8221;20px&#8221;][vc_separator color=&#8221;custom&#8221; accent_color=&#8221;#edf0f3&#8243;][vc_empty_space height=&#8221;20px&#8221;][vc_row_inner][vc_column_inner width=&#8221;1\/2&#8243;][vc_single_image image=&#8221;116819&#8243; alignment=&#8221;center&#8221; css=&#8221;.vc_custom_1643716735747{margin-top: 10px !important;}&#8221;][\/vc_column_inner][vc_column_inner width=&#8221;1\/2&#8243;][vc_single_image image=&#8221;116816&#8243; img_size=&#8221;&#8221; alignment=&#8221;center&#8221; css=&#8221;.vc_custom_1643716748629{margin-top: 10px !important;}&#8221;][\/vc_column_inner][\/vc_row_inner][\/vc_column][vc_column width=&#8221;1\/4&#8243; el_class=&#8221;abt-third-col about-option1-col3&#8243;][vc_row_inner][vc_column_inner el_class=&#8221;.abt-block-333&#8243;][vc_column_text css=&#8221;.vc_custom_1638938814043{margin-bottom: 0px !important;}&#8221;]<\/p>\n<div class=\"at-text-uppercase fs-18 white\">Events<\/div>\n<ul>\n<li>Nam ut est vehicula, ultricies tortor non, eleifend enim.<\/li>\n<li>Etiam efficitur nisl at nisl commodo tincidunt.<\/li>\n<li>Duis quis mi volutpat, lacinia odio ac, hendrerit ex.<\/li>\n<\/ul>\n<p>[\/vc_column_text][\/vc_column_inner][\/vc_row_inner][vc_empty_space height=&#8221;30px&#8221;][vc_empty_space height=&#8221;0px&#8221;][vc_row_inner][vc_column_inner el_class=&#8221;abt-block-light&#8221;][vc_column_text css=&#8221;.vc_custom_1638938820167{margin-bottom: 0px !important;}&#8221;]<\/p>\n<div class=\"at-text-uppercase fs-18 theme-color\">Awards and Affiliations<\/div>\n<ul>\n<li>Donec consectetur dolor et massa tincidunt, in hendrerit nisi faucibus.<\/li>\n<li>Vivamus in eqium eu nunc pulvinar rutrum id a dolor.<\/li>\n<li>Proin eu nulla vitae ex posuere commodo.<\/li>\n<li>In porta urna ut sem porttitor, ac volutpat risus dignissim.<\/li>\n<\/ul>\n<p>[\/vc_column_text][\/vc_column_inner][\/vc_row_inner][\/vc_column][\/vc_row]<\/p>\n","protected":false},"excerpt":{"rendered":"","protected":false},"author":1,"featured_media":0,"parent":0,"menu_order":0,"comment_status":"closed","ping_status":"closed","template":"","meta":{"footnotes":""},"class_list":["post-110884","page","type-page","status-publish","hentry"],"_links":{"self":[{"href":"https:\/\/wptheme.wordpressthemeshub.com\/furniture\/wp-json\/wp\/v2\/pages\/110884","targetHints":{"allow":["GET"]}}],"collection":[{"href":"https:\/\/wptheme.wordpressthemeshub.com\/furniture\/wp-json\/wp\/v2\/pages"}],"about":[{"href":"https:\/\/wptheme.wordpressthemeshub.com\/furniture\/wp-json\/wp\/v2\/types\/page"}],"author":[{"embeddable":true,"href":"https:\/\/wptheme.wordpressthemeshub.com\/furniture\/wp-json\/wp\/v2\/users\/1"}],"replies":[{"embeddable":true,"href":"https:\/\/wptheme.wordpressthemeshub.com\/furniture\/wp-json\/wp\/v2\/comments?post=110884"}],"version-history":[{"count":0,"href":"https:\/\/wptheme.wordpressthemeshub.com\/furniture\/wp-json\/wp\/v2\/pages\/110884\/revisions"}],"wp:attachment":[{"href":"https:\/\/wptheme.wordpressthemeshub.com\/furniture\/wp-json\/wp\/v2\/media?parent=110884"}],"curies":[{"name":"wp","href":"https:\/\/api.w.org\/{rel}","templated":true}]}}